{"id":12,"date":"2013-02-11T09:01:56","date_gmt":"2013-02-11T08:01:56","guid":{"rendered":"http:\/\/www.infokanaltv.com\/pcv\/?page_id=8"},"modified":"2022-01-23T08:16:03","modified_gmt":"2022-01-23T07:16:03","slug":"hjem","status":"publish","type":"page","link":"https:\/\/pcv.no\/","title":{"rendered":"Hjem"},"content":{"rendered":"<h1>Velkommen til<\/h1>\n<h2>PC Verkstedet<\/h2>\n<p><strong>Vi hjelper deg om du trenger nytt datautstyr, eller trenger service\/reparasjon p\u00e5 det datautstyret du har. Vi har ogs\u00e5 v\u00e5r service bil om du skulle trenge service p\u00e5 arbeidsplassen eller hjemme.<\/strong><\/p>\n<p><strong><br \/>\n<\/strong><strong>\u00c5pningstid fra kl 09.00-17.00 man-fre. L\u00f8r-s\u00f8n: Lukket.<\/strong><\/p>\n","protected":false},"excerpt":{"rendered":"<p>Velkommen til PC Verkstedet Vi hjelper deg om du trenger nytt datautstyr, eller trenger service\/reparasjon p\u00e5 det datautstyret du har. Vi har ogs\u00e5 v\u00e5r service bil om du skulle trenge service p\u00e5 arbeidsplassen eller hjemme. \u00c5pningstid fra kl 09.00-17.00 man-fre. L\u00f8r-s\u00f8n: Lukket.<\/p>\n","protected":false},"author":1,"featured_media":0,"parent":0,"menu_order":0,"comment_status":"closed","ping_status":"open","template":"page-home.php","meta":[],"_links":{"self":[{"href":"https:\/\/pcv.no\/index.php?rest_route=\/wp\/v2\/pages\/12"}],"collection":[{"href":"https:\/\/pcv.no\/index.php?rest_route=\/wp\/v2\/pages"}],"about":[{"href":"https:\/\/pcv.no\/index.php?rest_route=\/wp\/v2\/types\/page"}],"author":[{"embeddable":true,"href":"https:\/\/pcv.no\/index.php?rest_route=\/wp\/v2\/users\/1"}],"replies":[{"embeddable":true,"href":"https:\/\/pcv.no\/index.php?rest_route=%2Fwp%2Fv2%2Fcomments&post=12"}],"version-history":[{"count":2,"href":"https:\/\/pcv.no\/index.php?rest_route=\/wp\/v2\/pages\/12\/revisions"}],"predecessor-version":[{"id":185,"href":"https:\/\/pcv.no\/index.php?rest_route=\/wp\/v2\/pages\/12\/revisions\/185"}],"wp:attachment":[{"href":"https:\/\/pcv.no\/index.php?rest_route=%2Fwp%2Fv2%2Fmedia&parent=12"}],"curies":[{"name":"wp","href":"https:\/\/api.w.org\/{rel}","templated":true}]}}