{"id":14,"date":"2013-02-11T12:15:32","date_gmt":"2013-02-11T11:15:32","guid":{"rendered":"http:\/\/www.infokanaltv.com\/pcv\/?page_id=14"},"modified":"2022-01-22T23:07:51","modified_gmt":"2022-01-22T22:07:51","slug":"om-oss","status":"publish","type":"page","link":"https:\/\/pcv.no\/?page_id=14","title":{"rendered":"Om oss"},"content":{"rendered":"\t\t<div data-elementor-type=\"wp-page\" data-elementor-id=\"14\" class=\"elementor elementor-14\" data-elementor-settings=\"[]\">\n\t\t\t\t\t\t\t<div class=\"elementor-section-wrap\">\n\t\t\t\t\t\t\t<section class=\"elementor-section elementor-top-section elementor-element elementor-element-3188c58e elementor-section-boxed elementor-section-height-default elementor-section-height-default\" data-id=\"3188c58e\" data-element_type=\"section\">\n\t\t\t\t\t\t<div class=\"elementor-container elementor-column-gap-default\">\n\t\t\t\t\t<div class=\"elementor-column elementor-col-100 elementor-top-column elementor-element elementor-element-178df457\" data-id=\"178df457\" data-element_type=\"column\">\n\t\t\t<div class=\"elementor-widget-wrap elementor-element-populated\">\n\t\t\t\t\t\t\t\t<div class=\"elementor-element elementor-element-26a13981 elementor-widget elementor-widget-text-editor\" data-id=\"26a13981\" data-element_type=\"widget\" data-widget_type=\"text-editor.default\">\n\t\t\t\t<div class=\"elementor-widget-container\">\n\t\t\t<style>\/*! elementor - v3.5.3 - 28-12-2021 *\/\n.elementor-widget-text-editor.elementor-drop-cap-view-stacked .elementor-drop-cap{background-color:#818a91;color:#fff}.elementor-widget-text-editor.elementor-drop-cap-view-framed .elementor-drop-cap{color:#818a91;border:3px solid;background-color:transparent}.elementor-widget-text-editor:not(.elementor-drop-cap-view-default) .elementor-drop-cap{margin-top:8px}.elementor-widget-text-editor:not(.elementor-drop-cap-view-default) .elementor-drop-cap-letter{width:1em;height:1em}.elementor-widget-text-editor .elementor-drop-cap{float:left;text-align:center;line-height:1;font-size:50px}.elementor-widget-text-editor .elementor-drop-cap-letter{display:inline-block}<\/style>\t\t\t\t<p><strong>Vi tilbyr tjenester i salg, service og reparasjon av datautstyret du har.<\/strong><\/p><p><a href=\"http:\/\/pcv.no\/wp-content\/uploads\/2022\/01\/538908_360100177401292_1883461542_n.png\"><img loading=\"lazy\" class=\"alignnone wp-image-166 size-medium\" src=\"http:\/\/pcv.no\/wp-content\/uploads\/2022\/01\/538908_360100177401292_1883461542_n-300x251.png\" alt=\"\" width=\"300\" height=\"251\" srcset=\"https:\/\/pcv.no\/wp-content\/uploads\/2022\/01\/538908_360100177401292_1883461542_n-300x251.png 300w, https:\/\/pcv.no\/wp-content\/uploads\/2022\/01\/538908_360100177401292_1883461542_n.png 430w\" sizes=\"(max-width: 300px) 100vw, 300px\" \/><\/a><\/p><p>P\u00e5 v\u00e5rt verksted hjelper vi deg med reparasjon av PCer, bl.a. stasjon\u00e6re, b\u00e6rbare og servere. Vi tilbyr ogs\u00e5 \u00e5 sette opp nettverksl\u00f8sninger for din bedrift.<\/p><p>Vi kan ikke l\u00f8se alle problemer, men vi pr\u00f8ver alt for \u00e5 hjelpe deg. I tillegg til nytt utstyr fra v\u00e5re leverand\u00f8rer har vi stort utvalg av brukt utstyr som kan v\u00e6re nyttig ved reparasjonen av det datautstyret du har.<\/p><h4>Vi snakker norsk og engelsk, og \u00f8nsker deg hjertelig velkommen \ud83d\ude42<\/h4>\t\t\t\t\t\t<\/div>\n\t\t\t\t<\/div>\n\t\t\t\t\t<\/div>\n\t\t<\/div>\n\t\t\t\t\t\t\t<\/div>\n\t\t<\/section>\n\t\t\t\t\t\t<\/div>\n\t\t\t\t\t<\/div>\n\t\t","protected":false},"excerpt":{"rendered":"<p>Vi tilbyr tjenester i salg, service og reparasjon av datautstyret du har. P\u00e5 v\u00e5rt verksted hjelper vi deg med reparasjon av PCer, bl.a. stasjon\u00e6re, b\u00e6rbare og servere. Vi tilbyr ogs\u00e5 \u00e5 sette opp nettverksl\u00f8sninger for din bedrift. Vi kan ikke l\u00f8se alle problemer, men vi pr\u00f8ver alt for \u00e5 hjelpe deg. I tillegg til nytt utstyr fra v\u00e5re leverand\u00f8rer har vi stort utvalg av brukt utstyr som kan v\u00e6re nyttig ved reparasjonen av det datautstyret du har. Vi snakker norsk og engelsk, og \u00f8nsker deg hjertelig velkommen \ud83d\ude42<\/p>\n","protected":false},"author":1,"featured_media":0,"parent":0,"menu_order":0,"comment_status":"open","ping_status":"open","template":"","meta":[],"_links":{"self":[{"href":"https:\/\/pcv.no\/index.php?rest_route=\/wp\/v2\/pages\/14"}],"collection":[{"href":"https:\/\/pcv.no\/index.php?rest_route=\/wp\/v2\/pages"}],"about":[{"href":"https:\/\/pcv.no\/index.php?rest_route=\/wp\/v2\/types\/page"}],"author":[{"embeddable":true,"href":"https:\/\/pcv.no\/index.php?rest_route=\/wp\/v2\/users\/1"}],"replies":[{"embeddable":true,"href":"https:\/\/pcv.no\/index.php?rest_route=%2Fwp%2Fv2%2Fcomments&post=14"}],"version-history":[{"count":3,"href":"https:\/\/pcv.no\/index.php?rest_route=\/wp\/v2\/pages\/14\/revisions"}],"predecessor-version":[{"id":169,"href":"https:\/\/pcv.no\/index.php?rest_route=\/wp\/v2\/pages\/14\/revisions\/169"}],"wp:attachment":[{"href":"https:\/\/pcv.no\/index.php?rest_route=%2Fwp%2Fv2%2Fmedia&parent=14"}],"curies":[{"name":"wp","href":"https:\/\/api.w.org\/{rel}","templated":true}]}}