{"id":17,"date":"2013-02-11T12:20:02","date_gmt":"2013-02-11T11:20:02","guid":{"rendered":"http:\/\/www.infokanaltv.com\/pcv\/?page_id=17"},"modified":"2022-01-22T23:10:38","modified_gmt":"2022-01-22T22:10:38","slug":"datautstyr","status":"publish","type":"page","link":"https:\/\/pcv.no\/?page_id=17","title":{"rendered":"Datautstyr"},"content":{"rendered":"\t\t<div data-elementor-type=\"wp-page\" data-elementor-id=\"17\" class=\"elementor elementor-17\" data-elementor-settings=\"[]\">\n\t\t\t\t\t\t\t<div class=\"elementor-section-wrap\">\n\t\t\t\t\t\t\t<section class=\"elementor-section elementor-top-section elementor-element elementor-element-7666dbcc elementor-section-boxed elementor-section-height-default elementor-section-height-default\" data-id=\"7666dbcc\" data-element_type=\"section\">\n\t\t\t\t\t\t<div class=\"elementor-container elementor-column-gap-default\">\n\t\t\t\t\t<div class=\"elementor-column elementor-col-100 elementor-top-column elementor-element elementor-element-5ad07bd9\" data-id=\"5ad07bd9\" data-element_type=\"column\">\n\t\t\t<div class=\"elementor-widget-wrap elementor-element-populated\">\n\t\t\t\t\t\t\t\t<div class=\"elementor-element elementor-element-7d282059 elementor-widget elementor-widget-text-editor\" data-id=\"7d282059\" data-element_type=\"widget\" data-widget_type=\"text-editor.default\">\n\t\t\t\t<div class=\"elementor-widget-container\">\n\t\t\t<style>\/*! elementor - v3.5.3 - 28-12-2021 *\/\n.elementor-widget-text-editor.elementor-drop-cap-view-stacked .elementor-drop-cap{background-color:#818a91;color:#fff}.elementor-widget-text-editor.elementor-drop-cap-view-framed .elementor-drop-cap{color:#818a91;border:3px solid;background-color:transparent}.elementor-widget-text-editor:not(.elementor-drop-cap-view-default) .elementor-drop-cap{margin-top:8px}.elementor-widget-text-editor:not(.elementor-drop-cap-view-default) .elementor-drop-cap-letter{width:1em;height:1em}.elementor-widget-text-editor .elementor-drop-cap{float:left;text-align:center;line-height:1;font-size:50px}.elementor-widget-text-editor .elementor-drop-cap-letter{display:inline-block}<\/style>\t\t\t\t<p><strong>Hos oss finner du det du m\u00e5tte trenge av datautstyr. Det meste har vi p\u00e5 lager til gode priser. Og hvis det mangler noe s\u00e5 skaffer vi det du trenger p\u00e5 kort tid.<\/strong><\/p>\n<p>Vi er forhandlere for flere av de store leverand\u00f8rene og kan ved bestilling skaffe det meste.<\/p>\n<p>Ta kontakt med oss og fortell hvilke behov du har. vi gir deg et godt tilbud.<\/p>\n<p><a href=\"http:\/\/pcv.no\/wp-content\/uploads\/2013\/02\/jpeg1.jpeg\"><img loading=\"lazy\" class=\"alignnone size-medium wp-image-13\" alt=\"jpeg\" src=\"http:\/\/pcv.no\/wp-content\/uploads\/2013\/02\/jpeg1-300x179.jpeg\" width=\"300\" height=\"179\" srcset=\"https:\/\/pcv.no\/wp-content\/uploads\/2013\/02\/jpeg1-300x179.jpeg 300w, https:\/\/pcv.no\/wp-content\/uploads\/2013\/02\/jpeg1.jpeg 980w\" sizes=\"(max-width: 300px) 100vw, 300px\" \/><\/a><\/p>\n<p><\/p><center><\/center><p><\/p>\n<h2>Brukt datautstyr og salg<\/h2>\n<p>Vi f\u00e5r jevnlig inn brukt datautstyr som etter testing blir solgt til gunstige priser. Brukt datautstyr kan v\u00e6re nyttig ved reparasjonen av det datautstyret du har, f.eks. knuste skjermer og tastaturer til b\u00e6rbare bl.a.<\/p>\n<p>Etter avtale bygger vi opp brukte PCer, b\u00e5de b\u00e6rbare og stasjon\u00e6re PCer.<\/p>\n<p>Ta kontakt ved interesse og for informasjon om hva vi har inne av brukt datautstyr.<\/p>\t\t\t\t\t\t<\/div>\n\t\t\t\t<\/div>\n\t\t\t\t\t<\/div>\n\t\t<\/div>\n\t\t\t\t\t\t\t<\/div>\n\t\t<\/section>\n\t\t\t\t\t\t<\/div>\n\t\t\t\t\t<\/div>\n\t\t","protected":false},"excerpt":{"rendered":"<p>Hos oss finner du det du m\u00e5tte trenge av datautstyr. Det meste har vi p\u00e5 lager til gode priser. Og hvis det mangler noe s\u00e5 skaffer vi det du trenger p\u00e5 kort tid. Vi er forhandlere for flere av de store leverand\u00f8rene og kan ved bestilling skaffe det meste. Ta kontakt med oss og fortell hvilke behov du har. vi gir deg et godt tilbud. Brukt datautstyr og salg Vi f\u00e5r jevnlig inn brukt datautstyr som etter testing blir solgt til gunstige priser. Brukt datautstyr kan v\u00e6re nyttig ved reparasjonen av det datautstyret du har, f.eks. knuste skjermer og tastaturer til b\u00e6rbare bl.a. Etter avtale bygger vi opp brukte PCer, b\u00e5de b\u00e6rbare og stasjon\u00e6re PCer. Ta kontakt ved interesse og for informasjon om hva vi har inne av brukt datautstyr.<\/p>\n","protected":false},"author":1,"featured_media":0,"parent":0,"menu_order":0,"comment_status":"open","ping_status":"open","template":"","meta":[],"_links":{"self":[{"href":"https:\/\/pcv.no\/index.php?rest_route=\/wp\/v2\/pages\/17"}],"collection":[{"href":"https:\/\/pcv.no\/index.php?rest_route=\/wp\/v2\/pages"}],"about":[{"href":"https:\/\/pcv.no\/index.php?rest_route=\/wp\/v2\/types\/page"}],"author":[{"embeddable":true,"href":"https:\/\/pcv.no\/index.php?rest_route=\/wp\/v2\/users\/1"}],"replies":[{"embeddable":true,"href":"https:\/\/pcv.no\/index.php?rest_route=%2Fwp%2Fv2%2Fcomments&post=17"}],"version-history":[{"count":4,"href":"https:\/\/pcv.no\/index.php?rest_route=\/wp\/v2\/pages\/17\/revisions"}],"predecessor-version":[{"id":172,"href":"https:\/\/pcv.no\/index.php?rest_route=\/wp\/v2\/pages\/17\/revisions\/172"}],"wp:attachment":[{"href":"https:\/\/pcv.no\/index.php?rest_route=%2Fwp%2Fv2%2Fmedia&parent=17"}],"curies":[{"name":"wp","href":"https:\/\/api.w.org\/{rel}","templated":true}]}}