{"id":19,"date":"2013-02-11T12:22:10","date_gmt":"2013-02-11T11:22:10","guid":{"rendered":"http:\/\/www.infokanaltv.com\/pcv\/?page_id=19"},"modified":"2022-01-22T23:18:32","modified_gmt":"2022-01-22T22:18:32","slug":"servicebil","status":"publish","type":"page","link":"https:\/\/pcv.no\/?page_id=19","title":{"rendered":"Servicebil"},"content":{"rendered":"\t\t<div data-elementor-type=\"wp-page\" data-elementor-id=\"19\" class=\"elementor elementor-19\" data-elementor-settings=\"[]\">\n\t\t\t\t\t\t\t<div class=\"elementor-section-wrap\">\n\t\t\t\t\t\t\t<section class=\"elementor-section elementor-top-section elementor-element elementor-element-4a049710 elementor-section-boxed elementor-section-height-default elementor-section-height-default\" data-id=\"4a049710\" data-element_type=\"section\">\n\t\t\t\t\t\t<div class=\"elementor-container elementor-column-gap-default\">\n\t\t\t\t\t<div class=\"elementor-column elementor-col-100 elementor-top-column elementor-element elementor-element-62945f17\" data-id=\"62945f17\" data-element_type=\"column\">\n\t\t\t<div class=\"elementor-widget-wrap elementor-element-populated\">\n\t\t\t\t\t\t\t\t<div class=\"elementor-element elementor-element-7f93c861 elementor-widget elementor-widget-text-editor\" data-id=\"7f93c861\" data-element_type=\"widget\" data-widget_type=\"text-editor.default\">\n\t\t\t\t<div class=\"elementor-widget-container\">\n\t\t\t<style>\/*! elementor - v3.5.3 - 28-12-2021 *\/\n.elementor-widget-text-editor.elementor-drop-cap-view-stacked .elementor-drop-cap{background-color:#818a91;color:#fff}.elementor-widget-text-editor.elementor-drop-cap-view-framed .elementor-drop-cap{color:#818a91;border:3px solid;background-color:transparent}.elementor-widget-text-editor:not(.elementor-drop-cap-view-default) .elementor-drop-cap{margin-top:8px}.elementor-widget-text-editor:not(.elementor-drop-cap-view-default) .elementor-drop-cap-letter{width:1em;height:1em}.elementor-widget-text-editor .elementor-drop-cap{float:left;text-align:center;line-height:1;font-size:50px}.elementor-widget-text-editor .elementor-drop-cap-letter{display:inline-block}<\/style>\t\t\t\t<p><strong>Har du problemer med datautstyret og trenger du hjelp p\u00e5 stedet, s\u00e5 kan vi hjelpe deg med det. Vi hjelper deg s\u00e5 snart vi kan og avtaler et m\u00f8te etter dine behov. <\/strong><\/p><p>For tiden har vi en servicebil som betjener Haugalandet, Sunnhordland og Stavanger omr\u00e5det. Vi kommer til deg og hjelper deg raskt. Hvis det tar for langt tid med reparasjon p\u00e5 stedet, s\u00e5 tar vi datautstyret til v\u00e5rt verksted i Haugesund.<\/p><p>Klikk p\u00e5 bildet under for \u00e5 ta kontakt.<\/p><p><a href=\"https:\/\/pcv.no\/?page_id=20\"><img loading=\"lazy\" class=\"aligncenter wp-image-156 size-large\" src=\"http:\/\/pcv.no\/wp-content\/uploads\/2022\/01\/158357739_3801022266642382_4208605563466611945_n-1024x498.jpg\" alt=\"\" width=\"1024\" height=\"498\" srcset=\"https:\/\/pcv.no\/wp-content\/uploads\/2022\/01\/158357739_3801022266642382_4208605563466611945_n-1024x498.jpg 1024w, https:\/\/pcv.no\/wp-content\/uploads\/2022\/01\/158357739_3801022266642382_4208605563466611945_n-300x146.jpg 300w, https:\/\/pcv.no\/wp-content\/uploads\/2022\/01\/158357739_3801022266642382_4208605563466611945_n-768x373.jpg 768w, https:\/\/pcv.no\/wp-content\/uploads\/2022\/01\/158357739_3801022266642382_4208605563466611945_n.jpg 1316w\" sizes=\"(max-width: 1024px) 100vw, 1024px\" \/><\/a><\/p>\t\t\t\t\t\t<\/div>\n\t\t\t\t<\/div>\n\t\t\t\t\t<\/div>\n\t\t<\/div>\n\t\t\t\t\t\t\t<\/div>\n\t\t<\/section>\n\t\t\t\t\t\t<\/div>\n\t\t\t\t\t<\/div>\n\t\t","protected":false},"excerpt":{"rendered":"<p>Har du problemer med datautstyret og trenger du hjelp p\u00e5 stedet, s\u00e5 kan vi hjelpe deg med det. Vi hjelper deg s\u00e5 snart vi kan og avtaler et m\u00f8te etter dine behov. For tiden har vi en servicebil som betjener Haugalandet, Sunnhordland og Stavanger omr\u00e5det. Vi kommer til deg og hjelper deg raskt. Hvis det tar for langt tid med reparasjon p\u00e5 stedet, s\u00e5 tar vi datautstyret til v\u00e5rt verksted i Haugesund. Klikk p\u00e5 bildet under for \u00e5 ta kontakt.<\/p>\n","protected":false},"author":1,"featured_media":0,"parent":0,"menu_order":0,"comment_status":"open","ping_status":"open","template":"","meta":[],"_links":{"self":[{"href":"https:\/\/pcv.no\/index.php?rest_route=\/wp\/v2\/pages\/19"}],"collection":[{"href":"https:\/\/pcv.no\/index.php?rest_route=\/wp\/v2\/pages"}],"about":[{"href":"https:\/\/pcv.no\/index.php?rest_route=\/wp\/v2\/types\/page"}],"author":[{"embeddable":true,"href":"https:\/\/pcv.no\/index.php?rest_route=\/wp\/v2\/users\/1"}],"replies":[{"embeddable":true,"href":"https:\/\/pcv.no\/index.php?rest_route=%2Fwp%2Fv2%2Fcomments&post=19"}],"version-history":[{"count":13,"href":"https:\/\/pcv.no\/index.php?rest_route=\/wp\/v2\/pages\/19\/revisions"}],"predecessor-version":[{"id":184,"href":"https:\/\/pcv.no\/index.php?rest_route=\/wp\/v2\/pages\/19\/revisions\/184"}],"wp:attachment":[{"href":"https:\/\/pcv.no\/index.php?rest_route=%2Fwp%2Fv2%2Fmedia&parent=19"}],"curies":[{"name":"wp","href":"https:\/\/api.w.org\/{rel}","templated":true}]}}