{"id":20,"date":"2013-02-11T12:23:37","date_gmt":"2013-02-11T11:23:37","guid":{"rendered":"http:\/\/www.infokanaltv.com\/pcv\/?page_id=20"},"modified":"2022-01-22T23:05:34","modified_gmt":"2022-01-22T22:05:34","slug":"ta-kontakt","status":"publish","type":"page","link":"https:\/\/pcv.no\/?page_id=20","title":{"rendered":"Ta kontakt"},"content":{"rendered":"\t\t<div data-elementor-type=\"wp-page\" data-elementor-id=\"20\" class=\"elementor elementor-20\" data-elementor-settings=\"[]\">\n\t\t\t\t\t\t\t<div class=\"elementor-section-wrap\">\n\t\t\t\t\t\t\t<section class=\"elementor-section elementor-top-section elementor-element elementor-element-1633b78 elementor-section-boxed elementor-section-height-default elementor-section-height-default\" data-id=\"1633b78\" data-element_type=\"section\">\n\t\t\t\t\t\t<div class=\"elementor-container elementor-column-gap-default\">\n\t\t\t\t\t<div class=\"elementor-column elementor-col-100 elementor-top-column elementor-element elementor-element-3cef3c40\" data-id=\"3cef3c40\" data-element_type=\"column\">\n\t\t\t<div class=\"elementor-widget-wrap elementor-element-populated\">\n\t\t\t\t\t\t\t\t<div class=\"elementor-element elementor-element-7f5ad09f elementor-widget elementor-widget-text-editor\" data-id=\"7f5ad09f\" data-element_type=\"widget\" data-widget_type=\"text-editor.default\">\n\t\t\t\t<div class=\"elementor-widget-container\">\n\t\t\t<style>\/*! elementor - v3.5.3 - 28-12-2021 *\/\n.elementor-widget-text-editor.elementor-drop-cap-view-stacked .elementor-drop-cap{background-color:#818a91;color:#fff}.elementor-widget-text-editor.elementor-drop-cap-view-framed .elementor-drop-cap{color:#818a91;border:3px solid;background-color:transparent}.elementor-widget-text-editor:not(.elementor-drop-cap-view-default) .elementor-drop-cap{margin-top:8px}.elementor-widget-text-editor:not(.elementor-drop-cap-view-default) .elementor-drop-cap-letter{width:1em;height:1em}.elementor-widget-text-editor .elementor-drop-cap{float:left;text-align:center;line-height:1;font-size:50px}.elementor-widget-text-editor .elementor-drop-cap-letter{display:inline-block}<\/style>\t\t\t\t<p><!-- wp:paragraph --><\/p>\n<p><a href=\"http:\/\/pcv.no\/wp-content\/uploads\/2022\/01\/158357739_3801022266642382_4208605563466611945_n.jpg\"><img loading=\"lazy\" class=\"alignnone size-medium wp-image-156\" src=\"http:\/\/pcv.no\/wp-content\/uploads\/2022\/01\/158357739_3801022266642382_4208605563466611945_n-300x146.jpg\" alt=\"\" width=\"300\" height=\"146\" srcset=\"https:\/\/pcv.no\/wp-content\/uploads\/2022\/01\/158357739_3801022266642382_4208605563466611945_n-300x146.jpg 300w, https:\/\/pcv.no\/wp-content\/uploads\/2022\/01\/158357739_3801022266642382_4208605563466611945_n-1024x498.jpg 1024w, https:\/\/pcv.no\/wp-content\/uploads\/2022\/01\/158357739_3801022266642382_4208605563466611945_n-768x373.jpg 768w, https:\/\/pcv.no\/wp-content\/uploads\/2022\/01\/158357739_3801022266642382_4208605563466611945_n.jpg 1316w\" sizes=\"(max-width: 300px) 100vw, 300px\" \/><\/a><\/p>\n<p>Har du henvendelser eller sp\u00f8rsm\u00e5l? Ring oss gjerne eller send oss en mail. Vi er ogs\u00e5 p\u00e5 facebook s\u00e5 du kan chatte med oss der ogs\u00e5.<\/p>\n<p><strong>Bes\u00f8ksadresse:<\/strong><br \/>PC Verkstedet AS ( N\u00e6rmeste nabo er Rustad)<\/p>\n<p>Raglamyrvegen 5, 5536 Haugesund<br \/><!-- \/wp:shortcode --><\/p>\n<p><!-- wp:shortcode --><br \/>Telefon: +47 52 71 10 40<\/p>\n<p>E-post: <a href=\"mailto:post@pcv.no\">post@pcv.no<\/a><br \/><!-- \/wp:shortcode --><\/p>\n<p>\u00a0<\/p>\t\t\t\t\t\t<\/div>\n\t\t\t\t<\/div>\n\t\t\t\t\t<\/div>\n\t\t<\/div>\n\t\t\t\t\t\t\t<\/div>\n\t\t<\/section>\n\t\t\t\t<section class=\"elementor-section elementor-top-section elementor-element elementor-element-41410c6 elementor-section-boxed elementor-section-height-default elementor-section-height-default\" data-id=\"41410c6\" data-element_type=\"section\">\n\t\t\t\t\t\t<div class=\"elementor-container elementor-column-gap-default\">\n\t\t\t\t\t<div class=\"elementor-column elementor-col-66 elementor-top-column elementor-element elementor-element-5742325\" data-id=\"5742325\" data-element_type=\"column\">\n\t\t\t<div class=\"elementor-widget-wrap elementor-element-populated\">\n\t\t\t\t\t\t\t\t<div class=\"elementor-element elementor-element-4cb18ce elementor-widget elementor-widget-google_maps\" data-id=\"4cb18ce\" data-element_type=\"widget\" data-widget_type=\"google_maps.default\">\n\t\t\t\t<div class=\"elementor-widget-container\">\n\t\t\t<style>\/*! elementor - v3.5.3 - 28-12-2021 *\/\n.elementor-widget-google_maps .elementor-widget-container{overflow:hidden}.elementor-widget-google_maps iframe{height:300px}<\/style>\t\t<div class=\"elementor-custom-embed\">\n\t\t\t<iframe frameborder=\"0\" scrolling=\"no\" marginheight=\"0\" marginwidth=\"0\"\n\t\t\t\t\tsrc=\"https:\/\/maps.google.com\/maps?q=raglamyrvegen%205&#038;t=m&#038;z=10&#038;output=embed&#038;iwloc=near\"\n\t\t\t\t\ttitle=\"raglamyrvegen 5\"\n\t\t\t\t\taria-label=\"raglamyrvegen 5\"\n\t\t\t><\/iframe>\n\t\t<\/div>\n\t\t\t\t<\/div>\n\t\t\t\t<\/div>\n\t\t\t\t\t<\/div>\n\t\t<\/div>\n\t\t\t\t<div class=\"elementor-column elementor-col-33 elementor-top-column elementor-element elementor-element-2de0547\" data-id=\"2de0547\" data-element_type=\"column\">\n\t\t\t<div class=\"elementor-widget-wrap elementor-element-populated\">\n\t\t\t\t\t\t\t\t<div class=\"elementor-element elementor-element-64c11c9 elementor-widget elementor-widget-image\" data-id=\"64c11c9\" data-element_type=\"widget\" data-widget_type=\"image.default\">\n\t\t\t\t<div class=\"elementor-widget-container\">\n\t\t\t<style>\/*! elementor - v3.5.3 - 28-12-2021 *\/\n.elementor-widget-image{text-align:center}.elementor-widget-image a{display:inline-block}.elementor-widget-image a img[src$=\".svg\"]{width:48px}.elementor-widget-image img{vertical-align:middle;display:inline-block}<\/style>\t\t\t\t\t\t\t\t\t\t\t\t<img width=\"498\" height=\"1024\" src=\"https:\/\/pcv.no\/wp-content\/uploads\/2022\/01\/20210303_131348-498x1024.jpg\" class=\"attachment-large size-large\" alt=\"\" loading=\"lazy\" srcset=\"https:\/\/pcv.no\/wp-content\/uploads\/2022\/01\/20210303_131348-498x1024.jpg 498w, https:\/\/pcv.no\/wp-content\/uploads\/2022\/01\/20210303_131348-146x300.jpg 146w, https:\/\/pcv.no\/wp-content\/uploads\/2022\/01\/20210303_131348-768x1580.jpg 768w, https:\/\/pcv.no\/wp-content\/uploads\/2022\/01\/20210303_131348-747x1536.jpg 747w, https:\/\/pcv.no\/wp-content\/uploads\/2022\/01\/20210303_131348-996x2048.jpg 996w, https:\/\/pcv.no\/wp-content\/uploads\/2022\/01\/20210303_131348-1x2.jpg 1w, https:\/\/pcv.no\/wp-content\/uploads\/2022\/01\/20210303_131348-scaled.jpg 1244w\" sizes=\"(max-width: 498px) 100vw, 498px\" \/>\t\t\t\t\t\t\t\t\t\t\t\t\t\t\t<\/div>\n\t\t\t\t<\/div>\n\t\t\t\t\t<\/div>\n\t\t<\/div>\n\t\t\t\t\t\t\t<\/div>\n\t\t<\/section>\n\t\t\t\t\t\t<\/div>\n\t\t\t\t\t<\/div>\n\t\t","protected":false},"excerpt":{"rendered":"<p>Har du henvendelser eller sp\u00f8rsm\u00e5l? Ring oss gjerne eller send oss en mail. Vi er ogs\u00e5 p\u00e5 facebook s\u00e5 du kan chatte med oss der ogs\u00e5. Bes\u00f8ksadresse:PC Verkstedet AS ( N\u00e6rmeste nabo er Rustad) Raglamyrvegen 5, 5536 Haugesund \u00a0<\/p>\n","protected":false},"author":1,"featured_media":0,"parent":0,"menu_order":0,"comment_status":"open","ping_status":"open","template":"","meta":[],"_links":{"self":[{"href":"https:\/\/pcv.no\/index.php?rest_route=\/wp\/v2\/pages\/20"}],"collection":[{"href":"https:\/\/pcv.no\/index.php?rest_route=\/wp\/v2\/pages"}],"about":[{"href":"https:\/\/pcv.no\/index.php?rest_route=\/wp\/v2\/types\/page"}],"author":[{"embeddable":true,"href":"https:\/\/pcv.no\/index.php?rest_route=\/wp\/v2\/users\/1"}],"replies":[{"embeddable":true,"href":"https:\/\/pcv.no\/index.php?rest_route=%2Fwp%2Fv2%2Fcomments&post=20"}],"version-history":[{"count":19,"href":"https:\/\/pcv.no\/index.php?rest_route=\/wp\/v2\/pages\/20\/revisions"}],"predecessor-version":[{"id":165,"href":"https:\/\/pcv.no\/index.php?rest_route=\/wp\/v2\/pages\/20\/revisions\/165"}],"wp:attachment":[{"href":"https:\/\/pcv.no\/index.php?rest_route=%2Fwp%2Fv2%2Fmedia&parent=20"}],"curies":[{"name":"wp","href":"https:\/\/api.w.org\/{rel}","templated":true}]}}